{"id":1322,"date":"2026-01-07T22:08:21","date_gmt":"2026-01-07T22:08:21","guid":{"rendered":"https:\/\/kevisa-distribution.fr\/?page_id=1322"},"modified":"2026-01-08T19:46:50","modified_gmt":"2026-01-08T19:46:50","slug":"zbr","status":"publish","type":"page","link":"https:\/\/kevisa-distribution.fr\/?page_id=1322","title":{"rendered":"ZBR"},"content":{"rendered":"\n<div class=\"wp-block-media-text alignwide is-stacked-on-mobile\" style=\"grid-template-columns:30% auto\"><figure class=\"wp-block-media-text__media\"><img loading=\"lazy\" width=\"1024\" height=\"768\" src=\"https:\/\/kevisa-distribution.fr\/wp-content\/uploads\/2026\/01\/Keynote-Vignette-KevIsa-2026.009-2.jpeg\" alt=\"\" class=\"wp-image-1384 size-full\" srcset=\"https:\/\/kevisa-distribution.fr\/wp-content\/uploads\/2026\/01\/Keynote-Vignette-KevIsa-2026.009-2.jpeg 1024w, https:\/\/kevisa-distribution.fr\/wp-content\/uploads\/2026\/01\/Keynote-Vignette-KevIsa-2026.009-2-300x225.jpeg 300w, https:\/\/kevisa-distribution.fr\/wp-content\/uploads\/2026\/01\/Keynote-Vignette-KevIsa-2026.009-2-768x576.jpeg 768w\" sizes=\"(max-width: 1024px) 100vw, 1024px\" \/><\/figure><div class=\"wp-block-media-text__content\">\n<figure class=\"wp-block-image\"><img src=\"https:\/\/zbr-hohl.de\/assets\/static\/zweiradbereifung-hohl-logo.svg\" alt=\"Zweiradbereifung Hohl GmbH\"\/><figcaption><br>Langenfelder Stra\u00dfe 170<br>51371 Leverkusen-Hitdorf<br><br>Telefon: +49 (0) 21 73 &#8211; 28 77 4-0<br>Telefax: +49 (0) 21 73 &#8211; 28 77 4-20<br>Email:&nbsp;<a href=\"mailto:reifen@zbr-hohl.de\">reifen@zbr-hohl.de<\/a><\/figcaption><\/figure>\n\n\n\n<p>\u26a0\ufe0f <a href=\"https:\/\/zbr-hohl.de\/fr\" data-type=\"URL\" data-id=\"https:\/\/zbr-hohl.de\/fr\">BtoB : acc\u00e8s pro<\/a><\/p>\n<\/div><\/div>\n\n\n\n<div class=\"wp-block-media-text alignwide is-stacked-on-mobile\"><figure class=\"wp-block-media-text__media\"><img loading=\"lazy\" width=\"1024\" height=\"683\" src=\"https:\/\/kevisa-distribution.fr\/wp-content\/uploads\/2026\/01\/KOL_111021_A_9371-1024x683.jpg\" alt=\"\" class=\"wp-image-1415 size-full\" srcset=\"https:\/\/kevisa-distribution.fr\/wp-content\/uploads\/2026\/01\/KOL_111021_A_9371-1024x683.jpg 1024w, https:\/\/kevisa-distribution.fr\/wp-content\/uploads\/2026\/01\/KOL_111021_A_9371-300x200.jpg 300w, https:\/\/kevisa-distribution.fr\/wp-content\/uploads\/2026\/01\/KOL_111021_A_9371-768x512.jpg 768w, https:\/\/kevisa-distribution.fr\/wp-content\/uploads\/2026\/01\/KOL_111021_A_9371.jpg 1360w\" sizes=\"(max-width: 1024px) 100vw, 1024px\" \/><\/figure><div class=\"wp-block-media-text__content\">\n<p><strong><em>Ces derni\u00e8res ann\u00e9es, ZBR&nbsp;Hohl&nbsp;est devenu l&rsquo;un des plus grands fournisseurs de pneus pour motos et scooters en Allemagne et en Europe.<\/em><\/strong><\/p>\n\n\n\n<p><strong><em>En tant que grossiste exclusivement pour le commerce de motos et de pneus, nous nous appuyons sur une disponibilit\u00e9 optimale et un service maximal.&nbsp;Plus de 160 000 articles en stock et plus de 5 000 produits diff\u00e9rents soulignent de mani\u00e8re impressionnante notre r\u00f4le en tant que fournisseur du march\u00e9.<\/em><\/strong><\/p>\n<\/div><\/div>\n","protected":false},"excerpt":{"rendered":"<p>Ces derni\u00e8res ann\u00e9es, ZBR&nbsp;Hohl&nbsp;est devenu l&rsquo;un des plus grands fournisseurs de pneus pour motos et scooters en Allemagne et en Europe. En tant que grossiste exclusivement pour le commerce de motos et de pneus, nous nous appuyons sur une disponibilit\u00e9 optimale et un service maximal.&nbsp;Plus de 160 000 articles en stock et plus de 5 [&hellip;]<\/p>\n","protected":false},"author":1,"featured_media":0,"parent":0,"menu_order":0,"comment_status":"closed","ping_status":"closed","template":"","meta":{"hide_page_title":"enabled"},"_links":{"self":[{"href":"https:\/\/kevisa-distribution.fr\/index.php?rest_route=\/wp\/v2\/pages\/1322"}],"collection":[{"href":"https:\/\/kevisa-distribution.fr\/index.php?rest_route=\/wp\/v2\/pages"}],"about":[{"href":"https:\/\/kevisa-distribution.fr\/index.php?rest_route=\/wp\/v2\/types\/page"}],"author":[{"embeddable":true,"href":"https:\/\/kevisa-distribution.fr\/index.php?rest_route=\/wp\/v2\/users\/1"}],"replies":[{"embeddable":true,"href":"https:\/\/kevisa-distribution.fr\/index.php?rest_route=%2Fwp%2Fv2%2Fcomments&post=1322"}],"version-history":[{"count":5,"href":"https:\/\/kevisa-distribution.fr\/index.php?rest_route=\/wp\/v2\/pages\/1322\/revisions"}],"predecessor-version":[{"id":1437,"href":"https:\/\/kevisa-distribution.fr\/index.php?rest_route=\/wp\/v2\/pages\/1322\/revisions\/1437"}],"wp:attachment":[{"href":"https:\/\/kevisa-distribution.fr\/index.php?rest_route=%2Fwp%2Fv2%2Fmedia&parent=1322"}],"curies":[{"name":"wp","href":"https:\/\/api.w.org\/{rel}","templated":true}]}}